{"id":129,"date":"2022-10-01T15:44:19","date_gmt":"2022-10-01T15:44:19","guid":{"rendered":"https:\/\/grealo4pilans.org\/?page_id=129"},"modified":"2022-10-01T15:44:20","modified_gmt":"2022-10-01T15:44:20","slug":"videos","status":"publish","type":"page","link":"https:\/\/grealo4pilans.org\/?page_id=129","title":{"rendered":"Videos"},"content":{"rendered":"\n<p><\/p>\n\n\n\n<p><\/p>\n\n\n\n<figure class=\"wp-block-embed is-type-video is-provider-youtube wp-block-embed-youtube wp-embed-aspect-16-9 wp-has-aspect-ratio\"><div class=\"wp-block-embed__wrapper\">\n<iframe loading=\"lazy\" title=\"NO AL POL\u00cdGON DE TORREBLANCA I QUATRE PILANS! SALVEM L&#039;HORTA!\" width=\"580\" height=\"326\" src=\"https:\/\/www.youtube.com\/embed\/eqs9-SeRN-g?feature=oembed\" frameborder=\"0\" allow=\"accelerometer; autoplay; clipboard-write; encrypted-media; gyroscope; picture-in-picture; web-share\" referrerpolicy=\"strict-origin-when-cross-origin\" allowfullscreen><\/iframe>\n<\/div><\/figure>\n\n\n\n<figure class=\"wp-block-embed is-type-video is-provider-youtube wp-block-embed-youtube wp-embed-aspect-16-9 wp-has-aspect-ratio\"><div class=\"wp-block-embed__wrapper\">\n<iframe loading=\"lazy\" title=\"\u00c9s a l&#039;aire\" width=\"580\" height=\"326\" src=\"https:\/\/www.youtube.com\/embed\/QSAtHA1K9gg?feature=oembed\" frameborder=\"0\" allow=\"accelerometer; autoplay; clipboard-write; encrypted-media; gyroscope; picture-in-picture; web-share\" referrerpolicy=\"strict-origin-when-cross-origin\" allowfullscreen><\/iframe>\n<\/div><\/figure>\n\n\n\n<p><\/p>\n\n\n\n<p><\/p>\n\n\n\n<p><a href=\"https:\/\/www.ccma.cat\/tv3\/alacarta\/30-minuts\/conviure-amb-el-risc\/video\/6105139\/\">Conviure amb el risc<\/a><\/p>\n\n\n\n<p><a href=\"https:\/\/www.ccma.cat\/tv3\/alacarta\/30-minuts\/conviure-amb-el-risc\/video\/6105139\/\">La tarda del 14 de gener del 2020 Tarragona va viure el pitjor accident de la hist\u00f2ria de la petroqu\u00edmica. &#8220;30 minuts&#8221; mostra com van viure l&#8217;accident els ve\u00efns de la Canonja i del barri de Bonavista de Tarragona, a pocs metres de l&#8217;empresa IQOXE. L&#8217;explosi\u00f3 del reactor de la planta d&#8217;\u00f2xid d&#8217;etil\u00e8 ha marcat un abans i un despr\u00e9s de la relaci\u00f3 dels ve\u00efns amb la ind\u00fastria.<\/a><\/p>\n","protected":false},"excerpt":{"rendered":"<p>Conviure amb el risc La tarda del 14 de gener del 2020 Tarragona va viure el pitjor accident de la hist\u00f2ria de la petroqu\u00edmica. &#8220;30 minuts&#8221; mostra com van viure l&#8217;accident els ve\u00efns de la Canonja i del barri de Bonavista de Tarragona, a pocs metres de l&#8217;empresa IQOXE. L&#8217;explosi\u00f3 del reactor de la planta [&hellip;]<\/p>\n","protected":false},"author":1,"featured_media":0,"parent":0,"menu_order":0,"comment_status":"closed","ping_status":"closed","template":"","meta":{"footnotes":""},"class_list":["post-129","page","type-page","status-publish","hentry"],"yoast_head":"<!-- This site is optimized with the Yoast SEO plugin v19.6 - https:\/\/yoast.com\/wordpress\/plugins\/seo\/ -->\n<title>Videos - Associaci\u00f3 de Ve\u00efns de Torres de Greal\u00f3 i Quatre Pilans de Lleida<\/title>\n<meta name=\"robots\" content=\"index, follow, max-snippet:-1, max-image-preview:large, max-video-preview:-1\" \/>\n<link rel=\"canonical\" href=\"https:\/\/grealo4pilans.org\/?page_id=129\" \/>\n<meta property=\"og:locale\" content=\"ca_ES\" \/>\n<meta property=\"og:type\" content=\"article\" \/>\n<meta property=\"og:title\" content=\"Videos - Associaci\u00f3 de Ve\u00efns de Torres de Greal\u00f3 i Quatre Pilans de Lleida\" \/>\n<meta property=\"og:description\" content=\"Conviure amb el risc La tarda del 14 de gener del 2020 Tarragona va viure el pitjor accident de la hist\u00f2ria de la petroqu\u00edmica. &#8220;30 minuts&#8221; mostra com van viure l&#8217;accident els ve\u00efns de la Canonja i del barri de Bonavista de Tarragona, a pocs metres de l&#8217;empresa IQOXE. L&#8217;explosi\u00f3 del reactor de la planta [&hellip;]\" \/>\n<meta property=\"og:url\" content=\"https:\/\/grealo4pilans.org\/?page_id=129\" \/>\n<meta property=\"og:site_name\" content=\"Associaci\u00f3 de Ve\u00efns de Torres de Greal\u00f3 i Quatre Pilans de Lleida\" \/>\n<meta property=\"article:modified_time\" content=\"2022-10-01T15:44:20+00:00\" \/>\n<meta name=\"twitter:card\" content=\"summary_large_image\" \/>\n<meta name=\"twitter:label1\" content=\"Temps estimat de lectura\" \/>\n\t<meta name=\"twitter:data1\" content=\"1 minut\" \/>\n<script type=\"application\/ld+json\" class=\"yoast-schema-graph\">{\"@context\":\"https:\/\/schema.org\",\"@graph\":[{\"@type\":\"WebPage\",\"@id\":\"https:\/\/grealo4pilans.org\/?page_id=129\",\"url\":\"https:\/\/grealo4pilans.org\/?page_id=129\",\"name\":\"Videos - Associaci\u00f3 de Ve\u00efns de Torres de Greal\u00f3 i Quatre Pilans de Lleida\",\"isPartOf\":{\"@id\":\"https:\/\/grealo4pilans.org\/#website\"},\"datePublished\":\"2022-10-01T15:44:19+00:00\",\"dateModified\":\"2022-10-01T15:44:20+00:00\",\"breadcrumb\":{\"@id\":\"https:\/\/grealo4pilans.org\/?page_id=129#breadcrumb\"},\"inLanguage\":\"ca\",\"potentialAction\":[{\"@type\":\"ReadAction\",\"target\":[\"https:\/\/grealo4pilans.org\/?page_id=129\"]}]},{\"@type\":\"BreadcrumbList\",\"@id\":\"https:\/\/grealo4pilans.org\/?page_id=129#breadcrumb\",\"itemListElement\":[{\"@type\":\"ListItem\",\"position\":1,\"name\":\"Home\",\"item\":\"https:\/\/grealo4pilans.org\/\"},{\"@type\":\"ListItem\",\"position\":2,\"name\":\"Videos\"}]},{\"@type\":\"WebSite\",\"@id\":\"https:\/\/grealo4pilans.org\/#website\",\"url\":\"https:\/\/grealo4pilans.org\/\",\"name\":\"Associaci\u00f3 de Ve\u00efns de Torres de Greal\u00f3 i Quatre Pilans de Lleida\",\"description\":\"\",\"publisher\":{\"@id\":\"https:\/\/grealo4pilans.org\/#organization\"},\"potentialAction\":[{\"@type\":\"SearchAction\",\"target\":{\"@type\":\"EntryPoint\",\"urlTemplate\":\"https:\/\/grealo4pilans.org\/?s={search_term_string}\"},\"query-input\":\"required name=search_term_string\"}],\"inLanguage\":\"ca\"},{\"@type\":\"Organization\",\"@id\":\"https:\/\/grealo4pilans.org\/#organization\",\"name\":\"Associaci\u00f3 de Ve\u00efns de Torres de Greal\u00f3 i Quatre Pilans de Lleida\",\"url\":\"https:\/\/grealo4pilans.org\/\",\"sameAs\":[],\"logo\":{\"@type\":\"ImageObject\",\"inLanguage\":\"ca\",\"@id\":\"https:\/\/grealo4pilans.org\/#\/schema\/logo\/image\/\",\"url\":\"https:\/\/grealo4pilans.org\/wp-content\/uploads\/2022\/08\/WhatsApp-Image-2022-08-28-at-18.40.28-1.jpeg\",\"contentUrl\":\"https:\/\/grealo4pilans.org\/wp-content\/uploads\/2022\/08\/WhatsApp-Image-2022-08-28-at-18.40.28-1.jpeg\",\"width\":1600,\"height\":900,\"caption\":\"Associaci\u00f3 de Ve\u00efns de Torres de Greal\u00f3 i Quatre Pilans de Lleida\"},\"image\":{\"@id\":\"https:\/\/grealo4pilans.org\/#\/schema\/logo\/image\/\"}}]}<\/script>\n<!-- \/ Yoast SEO plugin. -->","yoast_head_json":{"title":"Videos - Associaci\u00f3 de Ve\u00efns de Torres de Greal\u00f3 i Quatre Pilans de Lleida","robots":{"index":"index","follow":"follow","max-snippet":"max-snippet:-1","max-image-preview":"max-image-preview:large","max-video-preview":"max-video-preview:-1"},"canonical":"https:\/\/grealo4pilans.org\/?page_id=129","og_locale":"ca_ES","og_type":"article","og_title":"Videos - Associaci\u00f3 de Ve\u00efns de Torres de Greal\u00f3 i Quatre Pilans de Lleida","og_description":"Conviure amb el risc La tarda del 14 de gener del 2020 Tarragona va viure el pitjor accident de la hist\u00f2ria de la petroqu\u00edmica. &#8220;30 minuts&#8221; mostra com van viure l&#8217;accident els ve\u00efns de la Canonja i del barri de Bonavista de Tarragona, a pocs metres de l&#8217;empresa IQOXE. L&#8217;explosi\u00f3 del reactor de la planta [&hellip;]","og_url":"https:\/\/grealo4pilans.org\/?page_id=129","og_site_name":"Associaci\u00f3 de Ve\u00efns de Torres de Greal\u00f3 i Quatre Pilans de Lleida","article_modified_time":"2022-10-01T15:44:20+00:00","twitter_card":"summary_large_image","twitter_misc":{"Temps estimat de lectura":"1 minut"},"schema":{"@context":"https:\/\/schema.org","@graph":[{"@type":"WebPage","@id":"https:\/\/grealo4pilans.org\/?page_id=129","url":"https:\/\/grealo4pilans.org\/?page_id=129","name":"Videos - Associaci\u00f3 de Ve\u00efns de Torres de Greal\u00f3 i Quatre Pilans de Lleida","isPartOf":{"@id":"https:\/\/grealo4pilans.org\/#website"},"datePublished":"2022-10-01T15:44:19+00:00","dateModified":"2022-10-01T15:44:20+00:00","breadcrumb":{"@id":"https:\/\/grealo4pilans.org\/?page_id=129#breadcrumb"},"inLanguage":"ca","potentialAction":[{"@type":"ReadAction","target":["https:\/\/grealo4pilans.org\/?page_id=129"]}]},{"@type":"BreadcrumbList","@id":"https:\/\/grealo4pilans.org\/?page_id=129#breadcrumb","itemListElement":[{"@type":"ListItem","position":1,"name":"Home","item":"https:\/\/grealo4pilans.org\/"},{"@type":"ListItem","position":2,"name":"Videos"}]},{"@type":"WebSite","@id":"https:\/\/grealo4pilans.org\/#website","url":"https:\/\/grealo4pilans.org\/","name":"Associaci\u00f3 de Ve\u00efns de Torres de Greal\u00f3 i Quatre Pilans de Lleida","description":"","publisher":{"@id":"https:\/\/grealo4pilans.org\/#organization"},"potentialAction":[{"@type":"SearchAction","target":{"@type":"EntryPoint","urlTemplate":"https:\/\/grealo4pilans.org\/?s={search_term_string}"},"query-input":"required name=search_term_string"}],"inLanguage":"ca"},{"@type":"Organization","@id":"https:\/\/grealo4pilans.org\/#organization","name":"Associaci\u00f3 de Ve\u00efns de Torres de Greal\u00f3 i Quatre Pilans de Lleida","url":"https:\/\/grealo4pilans.org\/","sameAs":[],"logo":{"@type":"ImageObject","inLanguage":"ca","@id":"https:\/\/grealo4pilans.org\/#\/schema\/logo\/image\/","url":"https:\/\/grealo4pilans.org\/wp-content\/uploads\/2022\/08\/WhatsApp-Image-2022-08-28-at-18.40.28-1.jpeg","contentUrl":"https:\/\/grealo4pilans.org\/wp-content\/uploads\/2022\/08\/WhatsApp-Image-2022-08-28-at-18.40.28-1.jpeg","width":1600,"height":900,"caption":"Associaci\u00f3 de Ve\u00efns de Torres de Greal\u00f3 i Quatre Pilans de Lleida"},"image":{"@id":"https:\/\/grealo4pilans.org\/#\/schema\/logo\/image\/"}}]}},"_links":{"self":[{"href":"https:\/\/grealo4pilans.org\/index.php?rest_route=\/wp\/v2\/pages\/129","targetHints":{"allow":["GET"]}}],"collection":[{"href":"https:\/\/grealo4pilans.org\/index.php?rest_route=\/wp\/v2\/pages"}],"about":[{"href":"https:\/\/grealo4pilans.org\/index.php?rest_route=\/wp\/v2\/types\/page"}],"author":[{"embeddable":true,"href":"https:\/\/grealo4pilans.org\/index.php?rest_route=\/wp\/v2\/users\/1"}],"replies":[{"embeddable":true,"href":"https:\/\/grealo4pilans.org\/index.php?rest_route=%2Fwp%2Fv2%2Fcomments&post=129"}],"version-history":[{"count":2,"href":"https:\/\/grealo4pilans.org\/index.php?rest_route=\/wp\/v2\/pages\/129\/revisions"}],"predecessor-version":[{"id":131,"href":"https:\/\/grealo4pilans.org\/index.php?rest_route=\/wp\/v2\/pages\/129\/revisions\/131"}],"wp:attachment":[{"href":"https:\/\/grealo4pilans.org\/index.php?rest_route=%2Fwp%2Fv2%2Fmedia&parent=129"}],"curies":[{"name":"wp","href":"https:\/\/api.w.org\/{rel}","templated":true}]}}