{"id":2,"date":"2022-08-28T08:49:53","date_gmt":"2022-08-28T08:49:53","guid":{"rendered":"http:\/\/grealo4pilans.org\/?page_id=2"},"modified":"2022-08-28T17:18:27","modified_gmt":"2022-08-28T17:18:27","slug":"sample-page","status":"publish","type":"page","link":"https:\/\/grealo4pilans.org\/?page_id=2","title":{"rendered":"Fotografies"},"content":{"rendered":"\n<p><\/p>\n\n\n\n<figure class=\"wp-block-image size-large\"><img loading=\"lazy\" decoding=\"async\" width=\"1024\" height=\"576\" src=\"http:\/\/grealo4pilans.org\/wp-content\/uploads\/2022\/08\/WhatsApp-Image-2022-08-28-at-19.13.01-1024x576.jpeg\" alt=\"\" class=\"wp-image-61\" srcset=\"https:\/\/grealo4pilans.org\/wp-content\/uploads\/2022\/08\/WhatsApp-Image-2022-08-28-at-19.13.01-1024x576.jpeg 1024w, https:\/\/grealo4pilans.org\/wp-content\/uploads\/2022\/08\/WhatsApp-Image-2022-08-28-at-19.13.01-300x169.jpeg 300w, https:\/\/grealo4pilans.org\/wp-content\/uploads\/2022\/08\/WhatsApp-Image-2022-08-28-at-19.13.01-768x432.jpeg 768w, https:\/\/grealo4pilans.org\/wp-content\/uploads\/2022\/08\/WhatsApp-Image-2022-08-28-at-19.13.01-1536x864.jpeg 1536w, https:\/\/grealo4pilans.org\/wp-content\/uploads\/2022\/08\/WhatsApp-Image-2022-08-28-at-19.13.01-1200x675.jpeg 1200w, https:\/\/grealo4pilans.org\/wp-content\/uploads\/2022\/08\/WhatsApp-Image-2022-08-28-at-19.13.01.jpeg 1600w\" sizes=\"auto, (max-width: 1024px) 100vw, 1024px\" \/><\/figure>\n\n\n\n<figure class=\"wp-block-image size-large\"><img loading=\"lazy\" decoding=\"async\" width=\"1024\" height=\"576\" src=\"http:\/\/grealo4pilans.org\/wp-content\/uploads\/2022\/08\/WhatsApp-Image-2022-08-28-at-18.49.21-1024x576.jpeg\" alt=\"\" class=\"wp-image-62\" srcset=\"https:\/\/grealo4pilans.org\/wp-content\/uploads\/2022\/08\/WhatsApp-Image-2022-08-28-at-18.49.21-1024x576.jpeg 1024w, https:\/\/grealo4pilans.org\/wp-content\/uploads\/2022\/08\/WhatsApp-Image-2022-08-28-at-18.49.21-300x169.jpeg 300w, https:\/\/grealo4pilans.org\/wp-content\/uploads\/2022\/08\/WhatsApp-Image-2022-08-28-at-18.49.21-768x432.jpeg 768w, https:\/\/grealo4pilans.org\/wp-content\/uploads\/2022\/08\/WhatsApp-Image-2022-08-28-at-18.49.21-1536x864.jpeg 1536w, https:\/\/grealo4pilans.org\/wp-content\/uploads\/2022\/08\/WhatsApp-Image-2022-08-28-at-18.49.21-1200x675.jpeg 1200w, https:\/\/grealo4pilans.org\/wp-content\/uploads\/2022\/08\/WhatsApp-Image-2022-08-28-at-18.49.21.jpeg 1600w\" sizes=\"auto, (max-width: 1024px) 100vw, 1024px\" \/><\/figure>\n\n\n\n<figure class=\"wp-block-image size-large\"><img loading=\"lazy\" decoding=\"async\" width=\"1024\" height=\"576\" src=\"http:\/\/grealo4pilans.org\/wp-content\/uploads\/2022\/08\/WhatsApp-Image-2022-08-28-at-18.43.54-1024x576.jpeg\" alt=\"\" class=\"wp-image-67\" srcset=\"https:\/\/grealo4pilans.org\/wp-content\/uploads\/2022\/08\/WhatsApp-Image-2022-08-28-at-18.43.54-1024x576.jpeg 1024w, https:\/\/grealo4pilans.org\/wp-content\/uploads\/2022\/08\/WhatsApp-Image-2022-08-28-at-18.43.54-300x169.jpeg 300w, https:\/\/grealo4pilans.org\/wp-content\/uploads\/2022\/08\/WhatsApp-Image-2022-08-28-at-18.43.54-768x432.jpeg 768w, https:\/\/grealo4pilans.org\/wp-content\/uploads\/2022\/08\/WhatsApp-Image-2022-08-28-at-18.43.54-1536x864.jpeg 1536w, https:\/\/grealo4pilans.org\/wp-content\/uploads\/2022\/08\/WhatsApp-Image-2022-08-28-at-18.43.54-1200x675.jpeg 1200w, https:\/\/grealo4pilans.org\/wp-content\/uploads\/2022\/08\/WhatsApp-Image-2022-08-28-at-18.43.54.jpeg 1600w\" sizes=\"auto, (max-width: 1024px) 100vw, 1024px\" \/><\/figure>\n\n\n\n<figure class=\"wp-block-image size-large\"><img loading=\"lazy\" decoding=\"async\" width=\"1024\" height=\"576\" src=\"http:\/\/grealo4pilans.org\/wp-content\/uploads\/2022\/08\/WhatsApp-Image-2022-08-28-at-18.39.08-1024x576.jpeg\" alt=\"\" class=\"wp-image-63\" srcset=\"https:\/\/grealo4pilans.org\/wp-content\/uploads\/2022\/08\/WhatsApp-Image-2022-08-28-at-18.39.08-1024x576.jpeg 1024w, https:\/\/grealo4pilans.org\/wp-content\/uploads\/2022\/08\/WhatsApp-Image-2022-08-28-at-18.39.08-300x169.jpeg 300w, https:\/\/grealo4pilans.org\/wp-content\/uploads\/2022\/08\/WhatsApp-Image-2022-08-28-at-18.39.08-768x432.jpeg 768w, https:\/\/grealo4pilans.org\/wp-content\/uploads\/2022\/08\/WhatsApp-Image-2022-08-28-at-18.39.08-1536x864.jpeg 1536w, https:\/\/grealo4pilans.org\/wp-content\/uploads\/2022\/08\/WhatsApp-Image-2022-08-28-at-18.39.08-1200x675.jpeg 1200w, https:\/\/grealo4pilans.org\/wp-content\/uploads\/2022\/08\/WhatsApp-Image-2022-08-28-at-18.39.08.jpeg 1600w\" sizes=\"auto, (max-width: 1024px) 100vw, 1024px\" \/><\/figure>\n\n\n\n<figure class=\"wp-block-image size-large\"><img loading=\"lazy\" decoding=\"async\" width=\"1024\" height=\"576\" src=\"http:\/\/grealo4pilans.org\/wp-content\/uploads\/2022\/08\/WhatsApp-Image-2022-08-28-at-18.40.42-2-1024x576.jpeg\" alt=\"\" class=\"wp-image-64\" srcset=\"https:\/\/grealo4pilans.org\/wp-content\/uploads\/2022\/08\/WhatsApp-Image-2022-08-28-at-18.40.42-2-1024x576.jpeg 1024w, https:\/\/grealo4pilans.org\/wp-content\/uploads\/2022\/08\/WhatsApp-Image-2022-08-28-at-18.40.42-2-300x169.jpeg 300w, https:\/\/grealo4pilans.org\/wp-content\/uploads\/2022\/08\/WhatsApp-Image-2022-08-28-at-18.40.42-2-768x432.jpeg 768w, https:\/\/grealo4pilans.org\/wp-content\/uploads\/2022\/08\/WhatsApp-Image-2022-08-28-at-18.40.42-2-1536x864.jpeg 1536w, https:\/\/grealo4pilans.org\/wp-content\/uploads\/2022\/08\/WhatsApp-Image-2022-08-28-at-18.40.42-2-1200x675.jpeg 1200w, https:\/\/grealo4pilans.org\/wp-content\/uploads\/2022\/08\/WhatsApp-Image-2022-08-28-at-18.40.42-2.jpeg 1600w\" sizes=\"auto, (max-width: 1024px) 100vw, 1024px\" \/><\/figure>\n\n\n\n<figure class=\"wp-block-image size-large\"><img loading=\"lazy\" decoding=\"async\" width=\"576\" height=\"1024\" src=\"http:\/\/grealo4pilans.org\/wp-content\/uploads\/2022\/08\/WhatsApp-Image-2022-08-28-at-18.44.20-576x1024.jpeg\" alt=\"\" class=\"wp-image-65\" srcset=\"https:\/\/grealo4pilans.org\/wp-content\/uploads\/2022\/08\/WhatsApp-Image-2022-08-28-at-18.44.20-576x1024.jpeg 576w, https:\/\/grealo4pilans.org\/wp-content\/uploads\/2022\/08\/WhatsApp-Image-2022-08-28-at-18.44.20-169x300.jpeg 169w, https:\/\/grealo4pilans.org\/wp-content\/uploads\/2022\/08\/WhatsApp-Image-2022-08-28-at-18.44.20-768x1365.jpeg 768w, https:\/\/grealo4pilans.org\/wp-content\/uploads\/2022\/08\/WhatsApp-Image-2022-08-28-at-18.44.20-864x1536.jpeg 864w, https:\/\/grealo4pilans.org\/wp-content\/uploads\/2022\/08\/WhatsApp-Image-2022-08-28-at-18.44.20.jpeg 900w\" sizes=\"auto, (max-width: 576px) 100vw, 576px\" \/><\/figure>\n\n\n\n<figure class=\"wp-block-image size-large\"><img loading=\"lazy\" decoding=\"async\" width=\"1024\" height=\"576\" src=\"http:\/\/grealo4pilans.org\/wp-content\/uploads\/2022\/08\/WhatsApp-Image-2022-08-28-at-18.42.52-1-1-1024x576.jpeg\" alt=\"\" class=\"wp-image-66\" srcset=\"https:\/\/grealo4pilans.org\/wp-content\/uploads\/2022\/08\/WhatsApp-Image-2022-08-28-at-18.42.52-1-1-1024x576.jpeg 1024w, https:\/\/grealo4pilans.org\/wp-content\/uploads\/2022\/08\/WhatsApp-Image-2022-08-28-at-18.42.52-1-1-300x169.jpeg 300w, https:\/\/grealo4pilans.org\/wp-content\/uploads\/2022\/08\/WhatsApp-Image-2022-08-28-at-18.42.52-1-1-768x432.jpeg 768w, https:\/\/grealo4pilans.org\/wp-content\/uploads\/2022\/08\/WhatsApp-Image-2022-08-28-at-18.42.52-1-1-1536x864.jpeg 1536w, https:\/\/grealo4pilans.org\/wp-content\/uploads\/2022\/08\/WhatsApp-Image-2022-08-28-at-18.42.52-1-1-1200x675.jpeg 1200w, https:\/\/grealo4pilans.org\/wp-content\/uploads\/2022\/08\/WhatsApp-Image-2022-08-28-at-18.42.52-1-1.jpeg 1600w\" sizes=\"auto, (max-width: 1024px) 100vw, 1024px\" \/><\/figure>\n\n\n\n<figure class=\"wp-block-image size-large\"><img loading=\"lazy\" decoding=\"async\" width=\"1024\" height=\"576\" src=\"http:\/\/grealo4pilans.org\/wp-content\/uploads\/2022\/08\/WhatsApp-Image-2022-08-28-at-19.05.05-1024x576.jpeg\" alt=\"\" class=\"wp-image-68\" srcset=\"https:\/\/grealo4pilans.org\/wp-content\/uploads\/2022\/08\/WhatsApp-Image-2022-08-28-at-19.05.05-1024x576.jpeg 1024w, https:\/\/grealo4pilans.org\/wp-content\/uploads\/2022\/08\/WhatsApp-Image-2022-08-28-at-19.05.05-300x169.jpeg 300w, https:\/\/grealo4pilans.org\/wp-content\/uploads\/2022\/08\/WhatsApp-Image-2022-08-28-at-19.05.05-768x432.jpeg 768w, https:\/\/grealo4pilans.org\/wp-content\/uploads\/2022\/08\/WhatsApp-Image-2022-08-28-at-19.05.05-1536x864.jpeg 1536w, https:\/\/grealo4pilans.org\/wp-content\/uploads\/2022\/08\/WhatsApp-Image-2022-08-28-at-19.05.05-1200x675.jpeg 1200w, https:\/\/grealo4pilans.org\/wp-content\/uploads\/2022\/08\/WhatsApp-Image-2022-08-28-at-19.05.05.jpeg 1600w\" sizes=\"auto, (max-width: 1024px) 100vw, 1024px\" \/><\/figure>\n\n\n\n<figure class=\"wp-block-image size-large\"><img loading=\"lazy\" decoding=\"async\" width=\"576\" height=\"1024\" src=\"http:\/\/grealo4pilans.org\/wp-content\/uploads\/2022\/08\/WhatsApp-Image-2022-08-28-at-19.08.22-576x1024.jpeg\" alt=\"\" class=\"wp-image-70\" srcset=\"https:\/\/grealo4pilans.org\/wp-content\/uploads\/2022\/08\/WhatsApp-Image-2022-08-28-at-19.08.22-576x1024.jpeg 576w, https:\/\/grealo4pilans.org\/wp-content\/uploads\/2022\/08\/WhatsApp-Image-2022-08-28-at-19.08.22-169x300.jpeg 169w, https:\/\/grealo4pilans.org\/wp-content\/uploads\/2022\/08\/WhatsApp-Image-2022-08-28-at-19.08.22-768x1365.jpeg 768w, https:\/\/grealo4pilans.org\/wp-content\/uploads\/2022\/08\/WhatsApp-Image-2022-08-28-at-19.08.22-864x1536.jpeg 864w, https:\/\/grealo4pilans.org\/wp-content\/uploads\/2022\/08\/WhatsApp-Image-2022-08-28-at-19.08.22.jpeg 900w\" sizes=\"auto, (max-width: 576px) 100vw, 576px\" \/><\/figure>\n","protected":false},"excerpt":{"rendered":"","protected":false},"author":1,"featured_media":0,"parent":0,"menu_order":0,"comment_status":"closed","ping_status":"open","template":"","meta":{"footnotes":""},"class_list":["post-2","page","type-page","status-publish","hentry"],"yoast_head":"<!-- This site is optimized with the Yoast SEO plugin v19.6 - https:\/\/yoast.com\/wordpress\/plugins\/seo\/ -->\n<title>Fotografies - Associaci\u00f3 de Ve\u00efns de Torres de Greal\u00f3 i Quatre Pilans de Lleida<\/title>\n<meta name=\"robots\" content=\"index, follow, max-snippet:-1, max-image-preview:large, max-video-preview:-1\" \/>\n<link rel=\"canonical\" href=\"https:\/\/grealo4pilans.org\/?page_id=2\" \/>\n<meta property=\"og:locale\" content=\"ca_ES\" \/>\n<meta property=\"og:type\" content=\"article\" \/>\n<meta property=\"og:title\" content=\"Fotografies - Associaci\u00f3 de Ve\u00efns de Torres de Greal\u00f3 i Quatre Pilans de Lleida\" \/>\n<meta property=\"og:url\" content=\"https:\/\/grealo4pilans.org\/?page_id=2\" \/>\n<meta property=\"og:site_name\" content=\"Associaci\u00f3 de Ve\u00efns de Torres de Greal\u00f3 i Quatre Pilans de Lleida\" \/>\n<meta property=\"article:modified_time\" content=\"2022-08-28T17:18:27+00:00\" \/>\n<meta property=\"og:image\" content=\"http:\/\/grealo4pilans.org\/wp-content\/uploads\/2022\/08\/WhatsApp-Image-2022-08-28-at-19.13.01-1024x576.jpeg\" \/>\n<meta name=\"twitter:card\" content=\"summary_large_image\" \/>\n<script type=\"application\/ld+json\" class=\"yoast-schema-graph\">{\"@context\":\"https:\/\/schema.org\",\"@graph\":[{\"@type\":\"WebPage\",\"@id\":\"https:\/\/grealo4pilans.org\/?page_id=2\",\"url\":\"https:\/\/grealo4pilans.org\/?page_id=2\",\"name\":\"Fotografies - Associaci\u00f3 de Ve\u00efns de Torres de Greal\u00f3 i Quatre Pilans de Lleida\",\"isPartOf\":{\"@id\":\"https:\/\/grealo4pilans.org\/#website\"},\"datePublished\":\"2022-08-28T08:49:53+00:00\",\"dateModified\":\"2022-08-28T17:18:27+00:00\",\"breadcrumb\":{\"@id\":\"https:\/\/grealo4pilans.org\/?page_id=2#breadcrumb\"},\"inLanguage\":\"ca\",\"potentialAction\":[{\"@type\":\"ReadAction\",\"target\":[\"https:\/\/grealo4pilans.org\/?page_id=2\"]}]},{\"@type\":\"BreadcrumbList\",\"@id\":\"https:\/\/grealo4pilans.org\/?page_id=2#breadcrumb\",\"itemListElement\":[{\"@type\":\"ListItem\",\"position\":1,\"name\":\"Home\",\"item\":\"https:\/\/grealo4pilans.org\/\"},{\"@type\":\"ListItem\",\"position\":2,\"name\":\"Fotografies\"}]},{\"@type\":\"WebSite\",\"@id\":\"https:\/\/grealo4pilans.org\/#website\",\"url\":\"https:\/\/grealo4pilans.org\/\",\"name\":\"Associaci\u00f3 de Ve\u00efns de Torres de Greal\u00f3 i Quatre Pilans de Lleida\",\"description\":\"\",\"publisher\":{\"@id\":\"https:\/\/grealo4pilans.org\/#organization\"},\"potentialAction\":[{\"@type\":\"SearchAction\",\"target\":{\"@type\":\"EntryPoint\",\"urlTemplate\":\"https:\/\/grealo4pilans.org\/?s={search_term_string}\"},\"query-input\":\"required name=search_term_string\"}],\"inLanguage\":\"ca\"},{\"@type\":\"Organization\",\"@id\":\"https:\/\/grealo4pilans.org\/#organization\",\"name\":\"Associaci\u00f3 de Ve\u00efns de Torres de Greal\u00f3 i Quatre Pilans de Lleida\",\"url\":\"https:\/\/grealo4pilans.org\/\",\"sameAs\":[],\"logo\":{\"@type\":\"ImageObject\",\"inLanguage\":\"ca\",\"@id\":\"https:\/\/grealo4pilans.org\/#\/schema\/logo\/image\/\",\"url\":\"https:\/\/grealo4pilans.org\/wp-content\/uploads\/2022\/08\/WhatsApp-Image-2022-08-28-at-18.40.28-1.jpeg\",\"contentUrl\":\"https:\/\/grealo4pilans.org\/wp-content\/uploads\/2022\/08\/WhatsApp-Image-2022-08-28-at-18.40.28-1.jpeg\",\"width\":1600,\"height\":900,\"caption\":\"Associaci\u00f3 de Ve\u00efns de Torres de Greal\u00f3 i Quatre Pilans de Lleida\"},\"image\":{\"@id\":\"https:\/\/grealo4pilans.org\/#\/schema\/logo\/image\/\"}}]}<\/script>\n<!-- \/ Yoast SEO plugin. -->","yoast_head_json":{"title":"Fotografies - Associaci\u00f3 de Ve\u00efns de Torres de Greal\u00f3 i Quatre Pilans de Lleida","robots":{"index":"index","follow":"follow","max-snippet":"max-snippet:-1","max-image-preview":"max-image-preview:large","max-video-preview":"max-video-preview:-1"},"canonical":"https:\/\/grealo4pilans.org\/?page_id=2","og_locale":"ca_ES","og_type":"article","og_title":"Fotografies - Associaci\u00f3 de Ve\u00efns de Torres de Greal\u00f3 i Quatre Pilans de Lleida","og_url":"https:\/\/grealo4pilans.org\/?page_id=2","og_site_name":"Associaci\u00f3 de Ve\u00efns de Torres de Greal\u00f3 i Quatre Pilans de Lleida","article_modified_time":"2022-08-28T17:18:27+00:00","og_image":[{"url":"http:\/\/grealo4pilans.org\/wp-content\/uploads\/2022\/08\/WhatsApp-Image-2022-08-28-at-19.13.01-1024x576.jpeg"}],"twitter_card":"summary_large_image","schema":{"@context":"https:\/\/schema.org","@graph":[{"@type":"WebPage","@id":"https:\/\/grealo4pilans.org\/?page_id=2","url":"https:\/\/grealo4pilans.org\/?page_id=2","name":"Fotografies - Associaci\u00f3 de Ve\u00efns de Torres de Greal\u00f3 i Quatre Pilans de Lleida","isPartOf":{"@id":"https:\/\/grealo4pilans.org\/#website"},"datePublished":"2022-08-28T08:49:53+00:00","dateModified":"2022-08-28T17:18:27+00:00","breadcrumb":{"@id":"https:\/\/grealo4pilans.org\/?page_id=2#breadcrumb"},"inLanguage":"ca","potentialAction":[{"@type":"ReadAction","target":["https:\/\/grealo4pilans.org\/?page_id=2"]}]},{"@type":"BreadcrumbList","@id":"https:\/\/grealo4pilans.org\/?page_id=2#breadcrumb","itemListElement":[{"@type":"ListItem","position":1,"name":"Home","item":"https:\/\/grealo4pilans.org\/"},{"@type":"ListItem","position":2,"name":"Fotografies"}]},{"@type":"WebSite","@id":"https:\/\/grealo4pilans.org\/#website","url":"https:\/\/grealo4pilans.org\/","name":"Associaci\u00f3 de Ve\u00efns de Torres de Greal\u00f3 i Quatre Pilans de Lleida","description":"","publisher":{"@id":"https:\/\/grealo4pilans.org\/#organization"},"potentialAction":[{"@type":"SearchAction","target":{"@type":"EntryPoint","urlTemplate":"https:\/\/grealo4pilans.org\/?s={search_term_string}"},"query-input":"required name=search_term_string"}],"inLanguage":"ca"},{"@type":"Organization","@id":"https:\/\/grealo4pilans.org\/#organization","name":"Associaci\u00f3 de Ve\u00efns de Torres de Greal\u00f3 i Quatre Pilans de Lleida","url":"https:\/\/grealo4pilans.org\/","sameAs":[],"logo":{"@type":"ImageObject","inLanguage":"ca","@id":"https:\/\/grealo4pilans.org\/#\/schema\/logo\/image\/","url":"https:\/\/grealo4pilans.org\/wp-content\/uploads\/2022\/08\/WhatsApp-Image-2022-08-28-at-18.40.28-1.jpeg","contentUrl":"https:\/\/grealo4pilans.org\/wp-content\/uploads\/2022\/08\/WhatsApp-Image-2022-08-28-at-18.40.28-1.jpeg","width":1600,"height":900,"caption":"Associaci\u00f3 de Ve\u00efns de Torres de Greal\u00f3 i Quatre Pilans de Lleida"},"image":{"@id":"https:\/\/grealo4pilans.org\/#\/schema\/logo\/image\/"}}]}},"_links":{"self":[{"href":"https:\/\/grealo4pilans.org\/index.php?rest_route=\/wp\/v2\/pages\/2","targetHints":{"allow":["GET"]}}],"collection":[{"href":"https:\/\/grealo4pilans.org\/index.php?rest_route=\/wp\/v2\/pages"}],"about":[{"href":"https:\/\/grealo4pilans.org\/index.php?rest_route=\/wp\/v2\/types\/page"}],"author":[{"embeddable":true,"href":"https:\/\/grealo4pilans.org\/index.php?rest_route=\/wp\/v2\/users\/1"}],"replies":[{"embeddable":true,"href":"https:\/\/grealo4pilans.org\/index.php?rest_route=%2Fwp%2Fv2%2Fcomments&post=2"}],"version-history":[{"count":3,"href":"https:\/\/grealo4pilans.org\/index.php?rest_route=\/wp\/v2\/pages\/2\/revisions"}],"predecessor-version":[{"id":71,"href":"https:\/\/grealo4pilans.org\/index.php?rest_route=\/wp\/v2\/pages\/2\/revisions\/71"}],"wp:attachment":[{"href":"https:\/\/grealo4pilans.org\/index.php?rest_route=%2Fwp%2Fv2%2Fmedia&parent=2"}],"curies":[{"name":"wp","href":"https:\/\/api.w.org\/{rel}","templated":true}]}}